{"id":804,"date":"2021-05-30T14:04:26","date_gmt":"2021-05-30T14:04:26","guid":{"rendered":"https:\/\/dimania.eu\/?page_id=804"},"modified":"2021-10-14T08:55:02","modified_gmt":"2021-10-14T08:55:02","slug":"804-2","status":"publish","type":"page","link":"https:\/\/dimania.eu\/index.php\/804-2\/","title":{"rendered":"About me"},"content":{"rendered":"<p>[et_pb_section fb_built=&#8221;1&#8243; _builder_version=&#8221;4.8.1&#8243; _module_preset=&#8221;default&#8221; custom_padding=&#8221;||3px|||&#8221;][\/et_pb_section][et_pb_section fb_built=&#8221;1&#8243; disabled_on=&#8221;on|on|off&#8221; admin_label=&#8221;about pc&#8221; _builder_version=&#8221;4.8.1&#8243; _module_preset=&#8221;default&#8221; custom_padding=&#8221;66px|||||&#8221; global_module=&#8221;78&#8243;][et_pb_row column_structure=&#8221;3_5,2_5&#8243; module_id=&#8221;1&#8243; _builder_version=&#8221;4.8.1&#8243; _module_preset=&#8221;default&#8221;][et_pb_column type=&#8221;3_5&#8243; _builder_version=&#8221;4.8.1&#8243; _module_preset=&#8221;default&#8221;][et_pb_text _builder_version=&#8221;4.8.1&#8243; _module_preset=&#8221;default&#8221; text_font=&#8221;PT Sans||||||||&#8221; text_font_size=&#8221;18px&#8221; custom_padding=&#8221;44px|44px||40px||&#8221; animation_style=&#8221;slide&#8221; animation_direction=&#8221;right&#8221; animation_duration=&#8221;1900ms&#8221; hover_enabled=&#8221;0&#8243; sticky_enabled=&#8221;0&#8243;]<\/p>\n<p><span style=\"font-size: 18px;\"><img loading=\"lazy\" src=\"https:\/\/dimania.eu\/wp-content\/uploads\/2021\/10\/Logo-Dimania-1.png\" width=\"150\" height=\"54\" alt=\"\" class=\"wp-image-900 alignnone size-full\" \/><\/span><\/p>\n<p><span style=\"font-size: 18px;\">Soy artista visual que reside entre Sofia y Barcelona.\u00a0<\/span><\/p>\n<p><span style=\"font-weight: 400;\">He estudiado Bellas Artes en la Nacional Academia de Arte\u00a0 de Sofia. He trabajado en Publicidad y en el mundo editorial como ilustradora. Tambi\u00e9n soy encargada de Arthost( espacio de creaci\u00f3n art\u00edstica ubicado en Barcelona).<\/span><\/p>\n<p><span style=\"font-weight: 400;\">En esta serie de pinturas, investigo la naturaleza de lo bello, lo que inevitablemente me lleva a la \u201cNaturaleza manifestada\u201d como tema principal. El mundo vegetal, sugerido por la pincelada y la ligereza de l\u00ednea que a veces cuesta encontrar en el paisaje urbano. <\/span><\/p>\n<p><span style=\"font-weight: 400;\">Busco cierto grado de abstracci\u00f3n \u201canimada&#8221; sin llegar a la conceptualizaci\u00f3n, tomando como referencia la realidad y a la vez distando de ella. Una expresi\u00f3n emotiva como respuesta a lo observado.<\/span><\/p>\n<p><span style=\"font-weight: 400;\">Toda mi obra est\u00e1 a la venta o dispuesta a plasmarse en mural, impresi\u00f3n digital o textil.\u00a0<\/span><\/p>\n<p><span style=\"font-weight: 400;\">Para m\u00e1s informaci\u00f3n me puedes escribir a dimania@gbg.bg<\/span><\/p>\n<p>[\/et_pb_text][\/et_pb_column][et_pb_column type=&#8221;2_5&#8243; _builder_version=&#8221;4.8.1&#8243; _module_preset=&#8221;default&#8221; border_width_all=&#8221;2px&#8221; border_color_all=&#8221;#CFB97B&#8221;][et_pb_image src=&#8221;https:\/\/dimania.eu\/wp-content\/uploads\/2021\/03\/Dima.jpg&#8221; title_text=&#8221;Dima&#8221; _builder_version=&#8221;4.8.1&#8243; _module_preset=&#8221;default&#8221; width=&#8221;100%&#8221; custom_margin=&#8221;||||false|false&#8221; custom_padding=&#8221;10%|6%|10%|6%|true|true&#8221; animation_style=&#8221;fade&#8221;][\/et_pb_image][\/et_pb_column][\/et_pb_row][et_pb_row _builder_version=&#8221;4.8.1&#8243; _module_preset=&#8221;default&#8221;][et_pb_column type=&#8221;4_4&#8243; _builder_version=&#8221;4.8.1&#8243; _module_preset=&#8221;default&#8221;][et_pb_text _builder_version=&#8221;4.8.1&#8243; _module_preset=&#8221;default&#8221; header_text_color=&#8221;#58595B&#8221; header_2_font=&#8221;addys bold||||||||&#8221; header_2_text_color=&#8221;#8D7F54&#8243; custom_padding=&#8221;||0px|||&#8221; animation_style=&#8221;slide&#8221; animation_direction=&#8221;right&#8221; animation_duration=&#8221;2000ms&#8221; animation_delay=&#8221;1000ms&#8221; animation_starting_opacity=&#8221;100%&#8221; animation_speed_curve=&#8221;ease&#8221; border_color_all=&#8221;RGBA(0,0,0,0)&#8221;]<\/p>\n<h2 style=\"text-align: right;\">dimania@gbg.bg<\/h2>\n<p>[\/et_pb_text][\/et_pb_column][\/et_pb_row][et_pb_row column_structure=&#8221;1_3,1_3,1_3&#8243; _builder_version=&#8221;4.8.1&#8243; _module_preset=&#8221;default&#8221;][et_pb_column type=&#8221;1_3&#8243; _builder_version=&#8221;4.8.1&#8243; _module_preset=&#8221;default&#8221;][et_pb_social_media_follow icon_color=&#8221;#ffffff&#8221; use_icon_font_size=&#8221;on&#8221; icon_font_size=&#8221;20px&#8221; _builder_version=&#8221;4.8.1&#8243; _module_preset=&#8221;default&#8221; text_orientation=&#8221;right&#8221; animation_style=&#8221;fade&#8221; animation_duration=&#8221;2000ms&#8221; animation_delay=&#8221;1000ms&#8221; border_radii=&#8221;on|100px|100px|100px|100px&#8221; border_color_all=&#8221;#58595B&#8221;][et_pb_social_media_follow_network social_network=&#8221;facebook&#8221; url=&#8221;https:\/\/www.facebook.com\/dimaniart&#8221; icon_color=&#8221;#FFFFFF&#8221; use_icon_font_size=&#8221;on&#8221; icon_font_size=&#8221;20px&#8221; _builder_version=&#8221;4.8.1&#8243; _module_preset=&#8221;default&#8221; background_color=&#8221;#cfb97b&#8221; background_enable_color=&#8221;on&#8221; follow_button=&#8221;off&#8221; url_new_window=&#8221;on&#8221;]facebook[\/et_pb_social_media_follow_network][et_pb_social_media_follow_network social_network=&#8221;linkedin&#8221; url=&#8221;https:\/\/www.linkedin.com\/in\/dimania\/&#8221; _builder_version=&#8221;4.8.1&#8243; _module_preset=&#8221;default&#8221; background_color=&#8221;#cfb97b&#8221; background_enable_color=&#8221;on&#8221; follow_button=&#8221;off&#8221; url_new_window=&#8221;on&#8221;]linkedin[\/et_pb_social_media_follow_network][et_pb_social_media_follow_network social_network=&#8221;instagram&#8221; url=&#8221;https:\/\/www.instagram.com\/dimadamyanovae\/&#8221; _builder_version=&#8221;4.8.1&#8243; _module_preset=&#8221;default&#8221; background_color=&#8221;#cfb97b&#8221; background_enable_color=&#8221;on&#8221; follow_button=&#8221;off&#8221; url_new_window=&#8221;on&#8221;]instagram[\/et_pb_social_media_follow_network][\/et_pb_social_media_follow][\/et_pb_column][et_pb_column type=&#8221;1_3&#8243; _builder_version=&#8221;4.8.1&#8243; _module_preset=&#8221;default&#8221;][\/et_pb_column][et_pb_column type=&#8221;1_3&#8243; _builder_version=&#8221;4.8.1&#8243; _module_preset=&#8221;default&#8221;][et_pb_text _builder_version=&#8221;4.8.1&#8243; _module_preset=&#8221;default&#8221; header_text_color=&#8221;#58595B&#8221; header_2_font=&#8221;||||||||&#8221; header_2_text_color=&#8221;#58595B&#8221; header_2_font_size=&#8221;30px&#8221; z_index=&#8221;500&#8243; custom_margin=&#8221;|||-107px||&#8221; custom_padding=&#8221;2px|9px|||false|false&#8221; animation_style=&#8221;fade&#8221; animation_duration=&#8221;1150ms&#8221; header_font_tablet=&#8221;&#8221; header_font_phone=&#8221;&#8221; header_font_last_edited=&#8221;on|phone&#8221; border_color_all=&#8221;RGBA(0,0,0,0)&#8221;]<\/p>\n<h2 style=\"text-align: right;\">Dima Damyanova<\/h2>\n<p>[\/et_pb_text][et_pb_divider show_divider=&#8221;off&#8221; _builder_version=&#8221;4.8.1&#8243; _module_preset=&#8221;default&#8221; background_color=&#8221;rgba(167,169,172,0.56)&#8221; custom_margin=&#8221;-55px||||false|false&#8221; custom_padding=&#8221;0px||||false|false&#8221;][\/et_pb_divider][\/et_pb_column][\/et_pb_row][\/et_pb_section]<\/p>\n","protected":false},"excerpt":{"rendered":"<p>[et_pb_section fb_built=&#8221;1&#8243; _builder_version=&#8221;4.8.1&#8243; _module_preset=&#8221;default&#8221; custom_padding=&#8221;||3px|||&#8221;][\/et_pb_section][et_pb_section fb_built=&#8221;1&#8243; disabled_on=&#8221;on|on|off&#8221; admin_label=&#8221;about pc&#8221; _builder_version=&#8221;4.8.1&#8243; _module_preset=&#8221;default&#8221; custom_padding=&#8221;66px|||||&#8221; global_module=&#8221;78&#8243;][et_pb_row column_structure=&#8221;3_5,2_5&#8243; module_id=&#8221;1&#8243; _builder_version=&#8221;4.8.1&#8243; _module_preset=&#8221;default&#8221;][et_pb_column type=&#8221;3_5&#8243; _builder_version=&#8221;4.8.1&#8243; _module_preset=&#8221;default&#8221;][et_pb_text _builder_version=&#8221;4.8.1&#8243; _module_preset=&#8221;default&#8221; text_font=&#8221;PT Sans||||||||&#8221; text_font_size=&#8221;18px&#8221; custom_padding=&#8221;44px|44px||40px||&#8221; animation_style=&#8221;slide&#8221; animation_direction=&#8221;right&#8221; animation_duration=&#8221;1900ms&#8221; hover_enabled=&#8221;0&#8243; sticky_enabled=&#8221;0&#8243;] Soy artista visual que reside entre Sofia y Barcelona.\u00a0 He estudiado Bellas Artes en la Nacional Academia de Arte\u00a0 de Sofia. He trabajado en [&hellip;]<\/p>\n","protected":false},"author":1,"featured_media":0,"parent":0,"menu_order":0,"comment_status":"closed","ping_status":"closed","template":"","meta":{"_et_pb_use_builder":"on","_et_pb_old_content":"","_et_gb_content_width":""},"_links":{"self":[{"href":"https:\/\/dimania.eu\/index.php\/wp-json\/wp\/v2\/pages\/804"}],"collection":[{"href":"https:\/\/dimania.eu\/index.php\/wp-json\/wp\/v2\/pages"}],"about":[{"href":"https:\/\/dimania.eu\/index.php\/wp-json\/wp\/v2\/types\/page"}],"author":[{"embeddable":true,"href":"https:\/\/dimania.eu\/index.php\/wp-json\/wp\/v2\/users\/1"}],"replies":[{"embeddable":true,"href":"https:\/\/dimania.eu\/index.php\/wp-json\/wp\/v2\/comments?post=804"}],"version-history":[{"count":10,"href":"https:\/\/dimania.eu\/index.php\/wp-json\/wp\/v2\/pages\/804\/revisions"}],"predecessor-version":[{"id":906,"href":"https:\/\/dimania.eu\/index.php\/wp-json\/wp\/v2\/pages\/804\/revisions\/906"}],"wp:attachment":[{"href":"https:\/\/dimania.eu\/index.php\/wp-json\/wp\/v2\/media?parent=804"}],"curies":[{"name":"wp","href":"https:\/\/api.w.org\/{rel}","templated":true}]}}