{"id":27,"date":"2021-03-07T19:57:04","date_gmt":"2021-03-07T19:57:04","guid":{"rendered":"https:\/\/dimania.eu\/?page_id=27"},"modified":"2021-06-10T09:06:09","modified_gmt":"2021-06-10T09:06:09","slug":"project-3-asanas","status":"publish","type":"page","link":"https:\/\/dimania.eu\/index.php\/project-3-asanas\/","title":{"rendered":"Project 3"},"content":{"rendered":"<p>[et_pb_section fb_built=&#8221;1&#8243; _builder_version=&#8221;4.8.1&#8243; _module_preset=&#8221;default&#8221; custom_padding=&#8221;31px||11px|||&#8221;][et_pb_row _builder_version=&#8221;4.8.1&#8243; _module_preset=&#8221;default&#8221; custom_padding=&#8221;||0px|||&#8221;][et_pb_column type=&#8221;4_4&#8243; _builder_version=&#8221;4.8.1&#8243; _module_preset=&#8221;default&#8221;][et_pb_text _builder_version=&#8221;4.8.1&#8243; _module_preset=&#8221;default&#8221; header_font=&#8221;PT Sans||||||||&#8221; header_text_color=&#8221;#cfb97b&#8221; text_font_size_tablet=&#8221;12px&#8221; text_font_size_phone=&#8221;&#8221; text_font_size_last_edited=&#8221;on|tablet&#8221;]<\/p>\n<h1 style=\"text-align: center;\">Project 3 &#8230; Asanas &#8230;<\/h1>\n<p>[\/et_pb_text][\/et_pb_column][\/et_pb_row][\/et_pb_section][et_pb_section fb_built=&#8221;1&#8243; admin_label=&#8221;Section&#8221; _builder_version=&#8221;4.8.1&#8243; _module_preset=&#8221;default&#8221; custom_padding=&#8221;22px||42px|||&#8221; border_color_all=&#8221;#cfb97b&#8221; border_width_top=&#8221;3px&#8221; border_width_bottom=&#8221;3px&#8221;][et_pb_row _builder_version=&#8221;4.8.1&#8243; _module_preset=&#8221;default&#8221; custom_margin=&#8221;|auto|3px|auto||&#8221;][et_pb_column type=&#8221;4_4&#8243; _builder_version=&#8221;4.8.1&#8243; _module_preset=&#8221;default&#8221;][et_pb_image src=&#8221;https:\/\/dimania.eu\/wp-content\/uploads\/2021\/05\/Adho-Mukha-Svanasana-1.jpg&#8221; title_text=&#8221;Adho Mukha Svanasana&#8221; _builder_version=&#8221;4.8.1&#8243; _module_preset=&#8221;default&#8221; transform_scale=&#8221;80%|80%&#8221; width=&#8221;80%&#8221; module_alignment=&#8221;center&#8221; custom_margin=&#8221;0px|0px||0px|false|false&#8221; custom_padding=&#8221;0px||||false|false&#8221; border_color_all=&#8221;RGBA(0,0,0,0)&#8221;][\/et_pb_image][\/et_pb_column][\/et_pb_row][et_pb_row _builder_version=&#8221;4.8.1&#8243; _module_preset=&#8221;default&#8221; custom_padding=&#8221;0px|||||&#8221;][et_pb_column type=&#8221;4_4&#8243; _builder_version=&#8221;4.8.1&#8243; _module_preset=&#8221;default&#8221;][et_pb_text _builder_version=&#8221;4.8.1&#8243; _module_preset=&#8221;default&#8221; text_font=&#8221;PT Sans||||||||&#8221; text_font_size=&#8221;18px&#8221; text_line_height=&#8221;1em&#8221; custom_padding=&#8221;12px||4px|40px||&#8221;]<\/p>\n<h3><span style=\"color: #dfb758;\">ASANAS _ Contemplative experience _ Visionary Art<\/span><\/h3>\n<p><span><\/span><\/p>\n<p><span>Durante la primavera del 2020 la artista visual Dima Damyanova ( Dimania) se lanza a investigar la experiencia ps\u00edquica y corporal del Hatha Yoga y la meditaci\u00f3n de un modo espont\u00e1neo y natural rememorando pr\u00e1cticas\u00a0 y\u00f3guicas realizadas con anterioridad.<\/span><\/p>\n<p><span>De esta vivencia nace una obra\u00a0 \u00a0 en la que la autora se sumerge en la dimensi\u00f3n tel\u00farica y vibracional haciendo resonar al espectador con texturas energ\u00e9ticas y visionarias que despiertan un sentido existencial y vital para los sentidos.<\/span><\/p>\n<p><span>Estas experiencias contemplativa conducen a la autora hacia una comuni\u00f3n con la naturaleza en obras posteriores.<\/span><\/p>\n<p><span>La obra rezuma organizadad, espontaneidad, fluidez profunda y sirve como foco, talism\u00e1n o catalizador de estados no ordinarios de conciencia.<\/span><\/p>\n<p><span><\/span><\/p>\n<p><span>V\u00edctor Campi\u00f1a: <a href=\"https:\/\/substanciandoelideal.wordpress.com\" title=\"Victor Campi\u00f1a\" target=\"_blank\" rel=\"noopener noreferrer\">https:\/\/substanciandoelideal.wordpress.com<\/a><\/span><\/p>\n<p>[\/et_pb_text][\/et_pb_column][\/et_pb_row][et_pb_row _builder_version=&#8221;4.8.1&#8243; _module_preset=&#8221;default&#8221; border_width_all=&#8221;2px&#8221; border_color_all=&#8221;#DFB758&#8243;][et_pb_column type=&#8221;4_4&#8243; _builder_version=&#8221;4.8.1&#8243; _module_preset=&#8221;default&#8221;][et_pb_image src=&#8221;https:\/\/dimania.eu\/wp-content\/uploads\/2021\/05\/Pranamasana-1.jpg&#8221; title_text=&#8221;Pranamasana&#8221; _builder_version=&#8221;4.8.1&#8243; _module_preset=&#8221;default&#8221; width=&#8221;50%&#8221; module_alignment=&#8221;center&#8221; hover_enabled=&#8221;0&#8243; show_in_lightbox=&#8221;on&#8221; sticky_enabled=&#8221;0&#8243;][\/et_pb_image][\/et_pb_column][\/et_pb_row][et_pb_row _builder_version=&#8221;4.8.1&#8243; _module_preset=&#8221;default&#8221; custom_margin=&#8221;20px||||false|false&#8221; border_width_all=&#8221;2px&#8221; border_color_all=&#8221;#DFB758&#8243;][et_pb_column type=&#8221;4_4&#8243; _builder_version=&#8221;4.8.1&#8243; _module_preset=&#8221;default&#8221;][et_pb_image src=&#8221;https:\/\/dimania.eu\/wp-content\/uploads\/2021\/05\/Urdhva-Hastasana-1.jpg&#8221; title_text=&#8221;Urdhva Hastasana&#8221; _builder_version=&#8221;4.8.1&#8243; _module_preset=&#8221;default&#8221; width=&#8221;50%&#8221; module_alignment=&#8221;center&#8221; hover_enabled=&#8221;0&#8243; show_in_lightbox=&#8221;on&#8221; sticky_enabled=&#8221;0&#8243;][\/et_pb_image][\/et_pb_column][\/et_pb_row][et_pb_row _builder_version=&#8221;4.8.1&#8243; _module_preset=&#8221;default&#8221; custom_margin=&#8221;20px||||false|false&#8221; border_width_all=&#8221;2px&#8221; border_color_all=&#8221;#DFB758&#8243;][et_pb_column type=&#8221;4_4&#8243; _builder_version=&#8221;4.8.1&#8243; _module_preset=&#8221;default&#8221;][et_pb_image src=&#8221;https:\/\/dimania.eu\/wp-content\/uploads\/2021\/05\/Uttanasana-1.jpg&#8221; title_text=&#8221;Uttanasana&#8221; _builder_version=&#8221;4.8.1&#8243; _module_preset=&#8221;default&#8221; width=&#8221;50%&#8221; module_alignment=&#8221;center&#8221; hover_enabled=&#8221;0&#8243; show_in_lightbox=&#8221;on&#8221; sticky_enabled=&#8221;0&#8243;][\/et_pb_image][\/et_pb_column][\/et_pb_row][et_pb_row _builder_version=&#8221;4.8.1&#8243; _module_preset=&#8221;default&#8221; custom_margin=&#8221;20px||||false|false&#8221; border_width_all=&#8221;2px&#8221; border_color_all=&#8221;#DFB758&#8243;][et_pb_column type=&#8221;4_4&#8243; _builder_version=&#8221;4.8.1&#8243; _module_preset=&#8221;default&#8221;][et_pb_image src=&#8221;https:\/\/dimania.eu\/wp-content\/uploads\/2021\/05\/Adho-Mukha-Svanasana-1.jpg&#8221; title_text=&#8221;Adho Mukha Svanasana&#8221; _builder_version=&#8221;4.8.1&#8243; _module_preset=&#8221;default&#8221; width=&#8221;80%&#8221; module_alignment=&#8221;center&#8221; hover_enabled=&#8221;0&#8243; show_in_lightbox=&#8221;on&#8221; sticky_enabled=&#8221;0&#8243;][\/et_pb_image][\/et_pb_column][\/et_pb_row][et_pb_row _builder_version=&#8221;4.8.1&#8243; _module_preset=&#8221;default&#8221; custom_margin=&#8221;20px||||false|false&#8221; border_width_all=&#8221;2px&#8221; border_color_all=&#8221;#DFB758&#8243;][et_pb_column type=&#8221;4_4&#8243; _builder_version=&#8221;4.8.1&#8243; _module_preset=&#8221;default&#8221;][et_pb_image src=&#8221;https:\/\/dimania.eu\/wp-content\/uploads\/2021\/05\/Chaturanga-Dandasana-1.jpg&#8221; title_text=&#8221;Chaturanga Dandasana&#8221; _builder_version=&#8221;4.8.1&#8243; _module_preset=&#8221;default&#8221; width=&#8221;80%&#8221; module_alignment=&#8221;center&#8221; hover_enabled=&#8221;0&#8243; show_in_lightbox=&#8221;on&#8221; sticky_enabled=&#8221;0&#8243;][\/et_pb_image][\/et_pb_column][\/et_pb_row][et_pb_row _builder_version=&#8221;4.8.1&#8243; _module_preset=&#8221;default&#8221; custom_margin=&#8221;20px||||false|false&#8221; border_width_all=&#8221;2px&#8221; border_color_all=&#8221;#DFB758&#8243;][et_pb_column type=&#8221;4_4&#8243; _builder_version=&#8221;4.8.1&#8243; _module_preset=&#8221;default&#8221;][et_pb_image src=&#8221;https:\/\/dimania.eu\/wp-content\/uploads\/2021\/05\/Ashva-Sanchalanasana-1.jpg&#8221; title_text=&#8221;Ashva Sanchalanasana&#8221; _builder_version=&#8221;4.8.1&#8243; _module_preset=&#8221;default&#8221; width=&#8221;80%&#8221; module_alignment=&#8221;center&#8221; hover_enabled=&#8221;0&#8243; show_in_lightbox=&#8221;on&#8221; sticky_enabled=&#8221;0&#8243;][\/et_pb_image][\/et_pb_column][\/et_pb_row][et_pb_row _builder_version=&#8221;4.8.1&#8243; _module_preset=&#8221;default&#8221; custom_margin=&#8221;20px||||false|false&#8221; border_width_all=&#8221;2px&#8221; border_color_all=&#8221;#DFB758&#8243;][et_pb_column type=&#8221;4_4&#8243; _builder_version=&#8221;4.8.1&#8243; _module_preset=&#8221;default&#8221;][et_pb_image src=&#8221;https:\/\/dimania.eu\/wp-content\/uploads\/2021\/05\/Savasana-1.jpg&#8221; title_text=&#8221;Savasana&#8221; _builder_version=&#8221;4.8.1&#8243; _module_preset=&#8221;default&#8221; width=&#8221;80%&#8221; module_alignment=&#8221;center&#8221; hover_enabled=&#8221;0&#8243; show_in_lightbox=&#8221;on&#8221; sticky_enabled=&#8221;0&#8243;][\/et_pb_image][\/et_pb_column][\/et_pb_row][\/et_pb_section][et_pb_section fb_built=&#8221;1&#8243; admin_label=&#8221;Section&#8221; _builder_version=&#8221;4.8.1&#8243; _module_preset=&#8221;default&#8221; width=&#8221;99.8%&#8221; custom_padding=&#8221;9px||125px|||&#8221;][et_pb_row _builder_version=&#8221;4.8.1&#8243; _module_preset=&#8221;default&#8221;][et_pb_column type=&#8221;4_4&#8243; _builder_version=&#8221;4.8.1&#8243; _module_preset=&#8221;default&#8221;][et_pb_gallery gallery_ids=&#8221;381,383,377,378,380,379,382&#8243; _builder_version=&#8221;4.8.1&#8243; _module_preset=&#8221;default&#8221;][\/et_pb_gallery][\/et_pb_column][\/et_pb_row][et_pb_row _builder_version=&#8221;4.8.1&#8243; _module_preset=&#8221;default&#8221;][et_pb_column type=&#8221;4_4&#8243; _builder_version=&#8221;4.8.1&#8243; _module_preset=&#8221;default&#8221;][et_pb_divider color=&#8221;#CFB97B&#8221; divider_weight=&#8221;3px&#8221; _builder_version=&#8221;4.8.1&#8243; _module_preset=&#8221;default&#8221;][\/et_pb_divider][\/et_pb_column][\/et_pb_row][\/et_pb_section]<\/p>\n","protected":false},"excerpt":{"rendered":"<p>[et_pb_section fb_built=&#8221;1&#8243; _builder_version=&#8221;4.8.1&#8243; _module_preset=&#8221;default&#8221; custom_padding=&#8221;31px||11px|||&#8221;][et_pb_row _builder_version=&#8221;4.8.1&#8243; _module_preset=&#8221;default&#8221; custom_padding=&#8221;||0px|||&#8221;][et_pb_column type=&#8221;4_4&#8243; _builder_version=&#8221;4.8.1&#8243; _module_preset=&#8221;default&#8221;][et_pb_text _builder_version=&#8221;4.8.1&#8243; _module_preset=&#8221;default&#8221; header_font=&#8221;PT Sans||||||||&#8221; header_text_color=&#8221;#cfb97b&#8221; text_font_size_tablet=&#8221;12px&#8221; text_font_size_phone=&#8221;&#8221; text_font_size_last_edited=&#8221;on|tablet&#8221;] Project 3 &#8230; Asanas &#8230; [\/et_pb_text][\/et_pb_column][\/et_pb_row][\/et_pb_section][et_pb_section fb_built=&#8221;1&#8243; admin_label=&#8221;Section&#8221; _builder_version=&#8221;4.8.1&#8243; _module_preset=&#8221;default&#8221; custom_padding=&#8221;22px||42px|||&#8221; border_color_all=&#8221;#cfb97b&#8221; border_width_top=&#8221;3px&#8221; border_width_bottom=&#8221;3px&#8221;][et_pb_row _builder_version=&#8221;4.8.1&#8243; _module_preset=&#8221;default&#8221; custom_margin=&#8221;|auto|3px|auto||&#8221;][et_pb_column type=&#8221;4_4&#8243; _builder_version=&#8221;4.8.1&#8243; _module_preset=&#8221;default&#8221;][et_pb_image src=&#8221;https:\/\/dimania.eu\/wp-content\/uploads\/2021\/05\/Adho-Mukha-Svanasana-1.jpg&#8221; title_text=&#8221;Adho Mukha Svanasana&#8221; _builder_version=&#8221;4.8.1&#8243; _module_preset=&#8221;default&#8221; transform_scale=&#8221;80%|80%&#8221; width=&#8221;80%&#8221; module_alignment=&#8221;center&#8221; custom_margin=&#8221;0px|0px||0px|false|false&#8221; custom_padding=&#8221;0px||||false|false&#8221; border_color_all=&#8221;RGBA(0,0,0,0)&#8221;][\/et_pb_image][\/et_pb_column][\/et_pb_row][et_pb_row _builder_version=&#8221;4.8.1&#8243; _module_preset=&#8221;default&#8221; custom_padding=&#8221;0px|||||&#8221;][et_pb_column type=&#8221;4_4&#8243; [&hellip;]<\/p>\n","protected":false},"author":2,"featured_media":0,"parent":0,"menu_order":0,"comment_status":"closed","ping_status":"closed","template":"","meta":{"_et_pb_use_builder":"on","_et_pb_old_content":"","_et_gb_content_width":""},"_links":{"self":[{"href":"https:\/\/dimania.eu\/index.php\/wp-json\/wp\/v2\/pages\/27"}],"collection":[{"href":"https:\/\/dimania.eu\/index.php\/wp-json\/wp\/v2\/pages"}],"about":[{"href":"https:\/\/dimania.eu\/index.php\/wp-json\/wp\/v2\/types\/page"}],"author":[{"embeddable":true,"href":"https:\/\/dimania.eu\/index.php\/wp-json\/wp\/v2\/users\/2"}],"replies":[{"embeddable":true,"href":"https:\/\/dimania.eu\/index.php\/wp-json\/wp\/v2\/comments?post=27"}],"version-history":[{"count":15,"href":"https:\/\/dimania.eu\/index.php\/wp-json\/wp\/v2\/pages\/27\/revisions"}],"predecessor-version":[{"id":875,"href":"https:\/\/dimania.eu\/index.php\/wp-json\/wp\/v2\/pages\/27\/revisions\/875"}],"wp:attachment":[{"href":"https:\/\/dimania.eu\/index.php\/wp-json\/wp\/v2\/media?parent=27"}],"curies":[{"name":"wp","href":"https:\/\/api.w.org\/{rel}","templated":true}]}}